{"id":30722,"date":"2025-03-10T14:24:02","date_gmt":"2025-03-10T13:24:02","guid":{"rendered":"https:\/\/www.nrctech.ch\/?page_id=30722"},"modified":"2025-04-14T09:38:39","modified_gmt":"2025-04-14T07:38:39","slug":"services_nrc","status":"publish","type":"page","link":"https:\/\/www.nrctech.ch\/?page_id=30722","title":{"rendered":"Services"},"content":{"rendered":"<p>[et_pb_section fb_built=\u00a0\u00bb1&Prime; fullwidth=\u00a0\u00bbon\u00a0\u00bb disabled_on=\u00a0\u00bboff|off|off\u00a0\u00bb _builder_version=\u00a0\u00bb4.27.4&Prime; module_alignment=\u00a0\u00bbcenter\u00a0\u00bb transparent_background=\u00a0\u00bboff\u00a0\u00bb global_colors_info=\u00a0\u00bb{}\u00a0\u00bb][et_pb_fullwidth_slider use_bg_overlay=\u00a0\u00bboff\u00a0\u00bb use_text_overlay=\u00a0\u00bboff\u00a0\u00bb _builder_version=\u00a0\u00bb4.27.4&Prime; background_video_mp4=\u00a0\u00bbhttps:\/\/www.nrctech.ch\/wp-content\/uploads\/2025\/03\/SER-ANIMATION-1500&#215;300-2.mp4&Prime; background_video_webm=\u00a0\u00bbhttps:\/\/www.nrctech.ch\/wp-content\/uploads\/2025\/03\/SER-ANIMATION-1500&#215;300-1.webm\u00a0\u00bb max_width=\u00a0\u00bb1500px\u00a0\u00bb module_alignment=\u00a0\u00bbcenter\u00a0\u00bb content_width=\u00a0\u00bb100%\u00a0\u00bb min_height=\u00a0\u00bb65px\u00a0\u00bb height_tablet=\u00a0\u00bb200px\u00a0\u00bb height_phone=\u00a0\u00bb150px\u00a0\u00bb height_last_edited=\u00a0\u00bbon|phone\u00a0\u00bb custom_padding=\u00a0\u00bb40px||34px|||\u00a0\u00bb animation_style=\u00a0\u00bbslide\u00a0\u00bb animation_direction=\u00a0\u00bbtop\u00a0\u00bb animation_delay=\u00a0\u00bb300ms\u00a0\u00bb auto=\u00a0\u00bbon\u00a0\u00bb auto_ignore_hover=\u00a0\u00bbon\u00a0\u00bb hover_transition_duration=\u00a0\u00bb0ms\u00a0\u00bb global_colors_info=\u00a0\u00bb{}\u00a0\u00bb button_text_size__hover_enabled=\u00a0\u00bboff\u00a0\u00bb button_one_text_size__hover_enabled=\u00a0\u00bboff\u00a0\u00bb button_two_text_size__hover_enabled=\u00a0\u00bboff\u00a0\u00bb button_text_color__hover_enabled=\u00a0\u00bboff\u00a0\u00bb button_one_text_color__hover_enabled=\u00a0\u00bboff\u00a0\u00bb button_two_text_color__hover_enabled=\u00a0\u00bboff\u00a0\u00bb button_border_width__hover_enabled=\u00a0\u00bboff\u00a0\u00bb button_one_border_width__hover_enabled=\u00a0\u00bboff\u00a0\u00bb button_two_border_width__hover_enabled=\u00a0\u00bboff\u00a0\u00bb button_border_color__hover_enabled=\u00a0\u00bboff\u00a0\u00bb button_one_border_color__hover_enabled=\u00a0\u00bboff\u00a0\u00bb button_two_border_color__hover_enabled=\u00a0\u00bboff\u00a0\u00bb button_border_radius__hover_enabled=\u00a0\u00bboff\u00a0\u00bb button_one_border_radius__hover_enabled=\u00a0\u00bboff\u00a0\u00bb button_two_border_radius__hover_enabled=\u00a0\u00bboff\u00a0\u00bb button_letter_spacing__hover_enabled=\u00a0\u00bboff\u00a0\u00bb button_one_letter_spacing__hover_enabled=\u00a0\u00bboff\u00a0\u00bb button_two_letter_spacing__hover_enabled=\u00a0\u00bboff\u00a0\u00bb button_bg_color__hover_enabled=\u00a0\u00bboff\u00a0\u00bb button_one_bg_color__hover_enabled=\u00a0\u00bboff\u00a0\u00bb button_two_bg_color__hover_enabled=\u00a0\u00bboff\u00a0\u00bb][et_pb_slide _builder_version=\u00a0\u00bb4.27.4&Prime; _module_preset=\u00a0\u00bbdefault\u00a0\u00bb background_color=\u00a0\u00bbRGBA(255,255,255,0)\u00a0\u00bb background_enable_color=\u00a0\u00bbon\u00a0\u00bb max_width=\u00a0\u00bb100%\u00a0\u00bb custom_padding=\u00a0\u00bb150px||150px||false|false\u00a0\u00bb global_colors_info=\u00a0\u00bb{}\u00a0\u00bb sticky_transition=\u00a0\u00bbon\u00a0\u00bb][\/et_pb_slide][\/et_pb_fullwidth_slider][\/et_pb_section][et_pb_section fb_built=\u00a0\u00bb1&Prime; _builder_version=\u00a0\u00bb4.16&Prime; custom_padding=\u00a0\u00bb0|0px|67px|0px|false|false\u00a0\u00bb global_colors_info=\u00a0\u00bb{}\u00a0\u00bb][et_pb_row use_custom_gutter=\u00a0\u00bbon\u00a0\u00bb gutter_width=\u00a0\u00bb1&Prime; custom_padding_last_edited=\u00a0\u00bbon|phone\u00a0\u00bb module_class=\u00a0\u00bb et_pb_row_fullwidth\u00a0\u00bb _builder_version=\u00a0\u00bb4.27.4&Prime; width=\u00a0\u00bb100%\u00a0\u00bb width_tablet=\u00a0\u00bb100%\u00a0\u00bb width_phone=\u00a0\u00bb100%\u00a0\u00bb width_last_edited=\u00a0\u00bbon|desktop\u00a0\u00bb max_width_tablet=\u00a0\u00bb100%\u00a0\u00bb max_width_phone=\u00a0\u00bb100%\u00a0\u00bb max_width_last_edited=\u00a0\u00bboff|desktop\u00a0\u00bb module_alignment=\u00a0\u00bbcenter\u00a0\u00bb custom_padding=\u00a0\u00bb130px|100px||100px|false|false\u00a0\u00bb custom_padding_tablet=\u00a0\u00bb130px|100px||100px|false|false\u00a0\u00bb custom_padding_phone=\u00a0\u00bb|30px||30px|false|false\u00a0\u00bb make_fullwidth=\u00a0\u00bbon\u00a0\u00bb global_colors_info=\u00a0\u00bb{}\u00a0\u00bb][et_pb_column type=\u00a0\u00bb4_4&Prime; _builder_version=\u00a0\u00bb4.27.4&Prime; custom_padding=\u00a0\u00bb|||\u00a0\u00bb global_colors_info=\u00a0\u00bb{}\u00a0\u00bb custom_padding__hover=\u00a0\u00bb|||\u00a0\u00bb][et_pb_text _builder_version=\u00a0\u00bb4.27.4&Prime; custom_padding=\u00a0\u00bb0px||0px||false|false\u00a0\u00bb custom_padding_tablet=\u00a0\u00bb||||false|false\u00a0\u00bb custom_padding_phone=\u00a0\u00bb|30px||30px|false|false\u00a0\u00bb custom_padding_last_edited=\u00a0\u00bboff|desktop\u00a0\u00bb global_colors_info=\u00a0\u00bb{}\u00a0\u00bb]<\/p>\n<h1 style=\"text-align: center;\">Services<\/h1>\n<h3 style=\"text-align: center;\">Expertise vibratoire et dynamique<\/h3>\n<p style=\"text-align: center;\">NRCtech agit sur mandat pour toutes les probl\u00e9matiques vibratoires, que ce soit en milieu industriel ou en R&amp;D.<\/p>\n<p style=\"text-align: center;\">Vibrations &#8211; chocs &#8211; fatigue<\/p>\n<p style=\"text-align: center;\">Nous concevons des solutions adapt\u00e9es en associant nos comp\u00e9tences dans les domaines exp\u00e9rimental et num\u00e9rique.<\/p>\n<p>[\/et_pb_text][\/et_pb_column][\/et_pb_row][et_pb_row use_custom_gutter=\u00a0\u00bbon\u00a0\u00bb gutter_width=\u00a0\u00bb1&Prime; custom_padding_last_edited=\u00a0\u00bboff|desktop\u00a0\u00bb module_class=\u00a0\u00bb et_pb_row_fullwidth\u00a0\u00bb _builder_version=\u00a0\u00bb4.27.4&Prime; width=\u00a0\u00bb100%\u00a0\u00bb width_tablet=\u00a0\u00bb100%\u00a0\u00bb width_phone=\u00a0\u00bb100%\u00a0\u00bb width_last_edited=\u00a0\u00bbon|desktop\u00a0\u00bb max_width_tablet=\u00a0\u00bb100%\u00a0\u00bb max_width_phone=\u00a0\u00bb100%\u00a0\u00bb max_width_last_edited=\u00a0\u00bboff|desktop\u00a0\u00bb module_alignment=\u00a0\u00bbcenter\u00a0\u00bb custom_margin=\u00a0\u00bb||150px||false|false\u00a0\u00bb custom_padding=\u00a0\u00bb||||false|false\u00a0\u00bb custom_padding_phone=\u00a0\u00bb|30px||30px|false|false\u00a0\u00bb make_fullwidth=\u00a0\u00bbon\u00a0\u00bb global_colors_info=\u00a0\u00bb{}\u00a0\u00bb][et_pb_column type=\u00a0\u00bb4_4&Prime; _builder_version=\u00a0\u00bb4.27.4&Prime; custom_padding=\u00a0\u00bb|||\u00a0\u00bb global_colors_info=\u00a0\u00bb{}\u00a0\u00bb custom_padding__hover=\u00a0\u00bb|||\u00a0\u00bb][et_pb_image src=\u00a0\u00bbhttps:\/\/www.nrctech.ch\/wp-content\/uploads\/2018\/07\/VIB-diagramme_V03.jpg\u00a0\u00bb align=\u00a0\u00bbcenter\u00a0\u00bb align_tablet=\u00a0\u00bbcenter\u00a0\u00bb align_phone=\u00a0\u00bbcenter\u00a0\u00bb align_last_edited=\u00a0\u00bbon|desktop\u00a0\u00bb _builder_version=\u00a0\u00bb4.27.4&Prime; width=\u00a0\u00bb100%\u00a0\u00bb max_width=\u00a0\u00bb1500px\u00a0\u00bb custom_margin=\u00a0\u00bb||||false|false\u00a0\u00bb global_colors_info=\u00a0\u00bb{}\u00a0\u00bb][\/et_pb_image][\/et_pb_column][\/et_pb_row][et_pb_row column_structure=\u00a0\u00bb1_2,1_2&Prime; use_custom_gutter=\u00a0\u00bbon\u00a0\u00bb gutter_width=\u00a0\u00bb1&Prime; module_class=\u00a0\u00bb et_pb_row_fullwidth\u00a0\u00bb _builder_version=\u00a0\u00bb4.27.4&Prime; width=\u00a0\u00bb1500px\u00a0\u00bb width_tablet=\u00a0\u00bb100%\u00a0\u00bb width_phone=\u00a0\u00bb100%\u00a0\u00bb width_last_edited=\u00a0\u00bboff|desktop\u00a0\u00bb max_width=\u00a0\u00bb100%\u00a0\u00bb max_width_tablet=\u00a0\u00bb100%\u00a0\u00bb max_width_phone=\u00a0\u00bb100%\u00a0\u00bb max_width_last_edited=\u00a0\u00bbon|desktop\u00a0\u00bb module_alignment=\u00a0\u00bbcenter\u00a0\u00bb custom_margin=\u00a0\u00bb0px|0px|0px|0px|false|false\u00a0\u00bb custom_padding=\u00a0\u00bb0px|0px|0px|0px|false|false\u00a0\u00bb make_fullwidth=\u00a0\u00bbon\u00a0\u00bb global_colors_info=\u00a0\u00bb{}\u00a0\u00bb][et_pb_column type=\u00a0\u00bb1_2&Prime; _builder_version=\u00a0\u00bb4.27.4&Prime; custom_padding=\u00a0\u00bb0px|0px|0px|00px|false|false\u00a0\u00bb global_colors_info=\u00a0\u00bb{}\u00a0\u00bb custom_padding__hover=\u00a0\u00bb|||\u00a0\u00bb][et_pb_image src=\u00a0\u00bbhttps:\/\/www.nrctech.ch\/wp-content\/uploads\/2025\/03\/SER_vibrations.jpg\u00a0\u00bb title_text=\u00a0\u00bbSER_vibrations\u00a0\u00bb _builder_version=\u00a0\u00bb4.27.4&Prime; _module_preset=\u00a0\u00bbdefault\u00a0\u00bb global_colors_info=\u00a0\u00bb{}\u00a0\u00bb][\/et_pb_image][\/et_pb_column][et_pb_column type=\u00a0\u00bb1_2&Prime; _builder_version=\u00a0\u00bb4.27.4&Prime; custom_padding=\u00a0\u00bb0px|0px|0px|0px|false|false\u00a0\u00bb global_colors_info=\u00a0\u00bb{}\u00a0\u00bb custom_padding__hover=\u00a0\u00bb|||\u00a0\u00bb][et_pb_text _builder_version=\u00a0\u00bb4.27.4&Prime; custom_margin=\u00a0\u00bb30px|30px||30px|false|false\u00a0\u00bb custom_padding=\u00a0\u00bb||||false|false\u00a0\u00bb global_colors_info=\u00a0\u00bb{}\u00a0\u00bb]<\/p>\n<h1>Vibrations<\/h1>\n<h3>Perturbatoires ou b\u00e9n\u00e9fiques<\/h3>\n<p>Nous d\u00e9veloppons une solution pour votre probl\u00e9matique vibratoire et traitons les vibrations selon <strong>vos crit\u00e8res de performance<\/strong><\/p>\n<p style=\"padding-left: 40px;\">\u2022 pr\u00e9cision et productivit\u00e9<br \/>\u2022 fiabilit\u00e9 :\u00a0 fatigue et endommagement<br \/>\u2022 proc\u00e9d\u00e9 : amplitude et fr\u00e9quence<br \/>\u2022 son, bruit et vibrations<\/p>\n<p class=\"NRCNormal\">Dans notre d\u00e9marche nous commen\u00e7ons par \u00e9tablir ces crit\u00e8res avec vous.<\/p>\n<p>[\/et_pb_text][\/et_pb_column][\/et_pb_row][et_pb_row column_structure=\u00a0\u00bb1_2,1_2&Prime; use_custom_gutter=\u00a0\u00bbon\u00a0\u00bb gutter_width=\u00a0\u00bb1&Prime; _builder_version=\u00a0\u00bb4.27.4&Prime; _module_preset=\u00a0\u00bbdefault\u00a0\u00bb width=\u00a0\u00bb100%\u00a0\u00bb max_width=\u00a0\u00bb1500px\u00a0\u00bb custom_padding=\u00a0\u00bb0px||0px||false|false\u00a0\u00bb global_colors_info=\u00a0\u00bb{}\u00a0\u00bb][et_pb_column type=\u00a0\u00bb1_2&Prime; _builder_version=\u00a0\u00bb4.27.4&Prime; _module_preset=\u00a0\u00bbdefault\u00a0\u00bb global_colors_info=\u00a0\u00bb{}\u00a0\u00bb][et_pb_text _builder_version=\u00a0\u00bb4.27.4&Prime; _module_preset=\u00a0\u00bbdefault\u00a0\u00bb custom_margin=\u00a0\u00bb30px|30px|30px|30px|false|false\u00a0\u00bb custom_padding=\u00a0\u00bb||||false|false\u00a0\u00bb hover_enabled=\u00a0\u00bb0&Prime; global_colors_info=\u00a0\u00bb{}\u00a0\u00bb sticky_enabled=\u00a0\u00bb0&Prime;]<\/p>\n<h1 style=\"text-align: right;\">Chocs<\/h1>\n<h2 style=\"text-align: right;\">Machines ou \u00e9tudes<\/h2>\n<p style=\"text-align: right;\">NRCtech poss\u00e8de une grande exp\u00e9rience dans le domaine des chocs que ce soit au travers de ses d\u00e9veloppements propres (<a href=\"https:\/\/www.nrctech.ch\/?page_id=30644\">Shockbench PRO<\/a> et <a href=\"https:\/\/www.nrctech.ch\/?page_id=30652\">SBP01-Controller<\/a>) ou au travers de divers projet clients.<\/p>\n<p style=\"text-align: right;\">NRCtech saura vous guider et mener \u00e0 bien avec vous votre projet. Qu&rsquo;il s&rsquo;agisse du d\u00e9veloppement ou de l&rsquo;am\u00e9lioration de machines \u00e0 choc existantes ou de la mise au points de protocoles de chocs.<\/p>\n<p>[\/et_pb_text][\/et_pb_column][et_pb_column type=\u00a0\u00bb1_2&Prime; _builder_version=\u00a0\u00bb4.25.1&Prime; _module_preset=\u00a0\u00bbdefault\u00a0\u00bb global_colors_info=\u00a0\u00bb{}\u00a0\u00bb][et_pb_video_slider show_arrows=\u00a0\u00bboff\u00a0\u00bb show_thumbnails=\u00a0\u00bboff\u00a0\u00bb module_class=\u00a0\u00bblwp-video-autoplay\u00a0\u00bb _builder_version=\u00a0\u00bb4.27.4&Prime; _module_preset=\u00a0\u00bbdefault\u00a0\u00bb filter_brightness=\u00a0\u00bb93%\u00a0\u00bb global_colors_info=\u00a0\u00bb{}\u00a0\u00bb][et_pb_video_slider_item src=\u00a0\u00bbhttps:\/\/www.nrctech.ch\/wp-content\/uploads\/2025\/03\/SER-shk_graph.mp4&Prime; src_webm=\u00a0\u00bbhttps:\/\/www.nrctech.ch\/wp-content\/uploads\/2025\/03\/SER-shk_graph.webm\u00a0\u00bb _builder_version=\u00a0\u00bb4.27.4&Prime; _module_preset=\u00a0\u00bbdefault\u00a0\u00bb global_colors_info=\u00a0\u00bb{}\u00a0\u00bb show_image_overlay=\u00a0\u00bboff\u00a0\u00bb][\/et_pb_video_slider_item][\/et_pb_video_slider][\/et_pb_column][\/et_pb_row][et_pb_row column_structure=\u00a0\u00bb1_2,1_2&Prime; use_custom_gutter=\u00a0\u00bbon\u00a0\u00bb gutter_width=\u00a0\u00bb1&Prime; _builder_version=\u00a0\u00bb4.27.4&Prime; _module_preset=\u00a0\u00bbdefault\u00a0\u00bb width=\u00a0\u00bb100%\u00a0\u00bb max_width=\u00a0\u00bb1500px\u00a0\u00bb module_alignment=\u00a0\u00bbcenter\u00a0\u00bb custom_margin=\u00a0\u00bb|||0px|false|false\u00a0\u00bb custom_padding=\u00a0\u00bb0px|0px|0px|0px|false|false\u00a0\u00bb global_colors_info=\u00a0\u00bb{}\u00a0\u00bb][et_pb_column type=\u00a0\u00bb1_2&Prime; _builder_version=\u00a0\u00bb4.25.1&Prime; _module_preset=\u00a0\u00bbdefault\u00a0\u00bb global_colors_info=\u00a0\u00bb{}\u00a0\u00bb][et_pb_image src=\u00a0\u00bbhttps:\/\/www.nrctech.ch\/wp-content\/uploads\/2025\/03\/SER_fatigue.jpg\u00a0\u00bb title_text=\u00a0\u00bbSER_fatigue\u00a0\u00bb _builder_version=\u00a0\u00bb4.27.4&Prime; _module_preset=\u00a0\u00bbdefault\u00a0\u00bb global_colors_info=\u00a0\u00bb{}\u00a0\u00bb][\/et_pb_image][\/et_pb_column][et_pb_column type=\u00a0\u00bb1_2&Prime; _builder_version=\u00a0\u00bb4.25.1&Prime; _module_preset=\u00a0\u00bbdefault\u00a0\u00bb global_colors_info=\u00a0\u00bb{}\u00a0\u00bb][et_pb_text _builder_version=\u00a0\u00bb4.27.4&Prime; _module_preset=\u00a0\u00bbdefault\u00a0\u00bb custom_margin=\u00a0\u00bb30px|30px|30px|30px|false|false\u00a0\u00bb custom_padding=\u00a0\u00bb||||false|false\u00a0\u00bb hover_enabled=\u00a0\u00bb0&Prime; global_colors_info=\u00a0\u00bb{}\u00a0\u00bb sticky_enabled=\u00a0\u00bb0&Prime;]<\/p>\n<h1>Etudes<\/h1>\n<h2>\u00c9tudes analytiques et tests<\/h2>\n<p>NRCtech vous accompagne dans vos d\u00e9veloppement en r\u00e9alisant des \u00e9tudes bas\u00e9es sur les comp\u00e9tences suivantes:<\/p>\n<p style=\"padding-left: 40px;\">\u2022 Vibrations et dynamique<br \/>\u2022 Analyse du comportement en fatigue<br \/>\u2022 Thermom\u00e9canique<br \/>\u2022 Vibro-acoustique<br \/>\u2022 Contraintes et d\u00e9formations<\/p>\n<p>Nous nous basons sur des mod\u00e8les analytiques ou r\u00e9alisons des calculs par \u00e9l\u00e9ments finis.<\/p>\n<p>[\/et_pb_text][\/et_pb_column][\/et_pb_row][et_pb_row column_structure=\u00a0\u00bb1_2,1_2&Prime; use_custom_gutter=\u00a0\u00bbon\u00a0\u00bb gutter_width=\u00a0\u00bb1&Prime; _builder_version=\u00a0\u00bb4.27.4&Prime; _module_preset=\u00a0\u00bbdefault\u00a0\u00bb width=\u00a0\u00bb100%\u00a0\u00bb max_width=\u00a0\u00bb1500px\u00a0\u00bb module_alignment=\u00a0\u00bbcenter\u00a0\u00bb custom_padding=\u00a0\u00bb0px|||||\u00a0\u00bb global_colors_info=\u00a0\u00bb{}\u00a0\u00bb][et_pb_column type=\u00a0\u00bb1_2&Prime; _builder_version=\u00a0\u00bb4.25.1&Prime; _module_preset=\u00a0\u00bbdefault\u00a0\u00bb global_colors_info=\u00a0\u00bb{}\u00a0\u00bb][et_pb_text _builder_version=\u00a0\u00bb4.27.4&Prime; _module_preset=\u00a0\u00bbdefault\u00a0\u00bb custom_margin=\u00a0\u00bb30px|30px|0px|100px|false|false\u00a0\u00bb custom_margin_tablet=\u00a0\u00bb30px|30px|0px|100px|false|false\u00a0\u00bb custom_margin_phone=\u00a0\u00bb30px|30px|0px|100px|false|false\u00a0\u00bb custom_margin_last_edited=\u00a0\u00bbon|desktop\u00a0\u00bb custom_padding=\u00a0\u00bb||||false|false\u00a0\u00bb global_colors_info=\u00a0\u00bb{}\u00a0\u00bb]<\/p>\n<h1 style=\"text-align: right;\">M\u00e9canique et m\u00e9catronique<\/h1>\n<h2 style=\"text-align: right;\">Conception, instrumentation et maintenance<\/h2>\n<p style=\"text-align: right;\">NRCtech propose ses services dans divers domaines. Quelques exemples :<\/p>\n<p>[\/et_pb_text][et_pb_text _builder_version=\u00a0\u00bb4.27.4&Prime; _module_preset=\u00a0\u00bbdefault\u00a0\u00bb custom_margin=\u00a0\u00bb|30px||300px|false|false\u00a0\u00bb custom_margin_tablet=\u00a0\u00bb|30px||300px|false|false\u00a0\u00bb custom_margin_phone=\u00a0\u00bb|||100px|false|false\u00a0\u00bb custom_margin_last_edited=\u00a0\u00bbon|phone\u00a0\u00bb custom_padding=\u00a0\u00bb||0px||false|false\u00a0\u00bb hover_enabled=\u00a0\u00bb0&Prime; global_colors_info=\u00a0\u00bb{}\u00a0\u00bb sticky_enabled=\u00a0\u00bb0&Prime;]<\/p>\n<p style=\"text-align: right;\">\u2022 Conception de syst\u00e8mes de mesure<br \/>\u2022 D\u00e9veloppement d&rsquo;\u00e9lectroniques de contr\u00f4le et de mesure<br \/>\u2022 Instrumentation en couple et force<br \/>\u2022 Surveillance et maintenance pr\u00e9dictive<br \/>\u2022 Conseil technique<br \/>\u2022 \u00c9l\u00e9ments patrimoniaux<\/p>\n<p>[\/et_pb_text][\/et_pb_column][et_pb_column type=\u00a0\u00bb1_2&Prime; _builder_version=\u00a0\u00bb4.25.1&Prime; _module_preset=\u00a0\u00bbdefault\u00a0\u00bb global_colors_info=\u00a0\u00bb{}\u00a0\u00bb][et_pb_image src=\u00a0\u00bbhttps:\/\/www.nrctech.ch\/wp-content\/uploads\/2025\/03\/SER_conception.jpg\u00a0\u00bb title_text=\u00a0\u00bbSER_conception\u00a0\u00bb force_fullwidth=\u00a0\u00bbon\u00a0\u00bb _builder_version=\u00a0\u00bb4.27.4&Prime; _module_preset=\u00a0\u00bbdefault\u00a0\u00bb global_colors_info=\u00a0\u00bb{}\u00a0\u00bb][\/et_pb_image][\/et_pb_column][\/et_pb_row][et_pb_row column_structure=\u00a0\u00bb1_2,1_2&Prime; _builder_version=\u00a0\u00bb4.27.4&Prime; _module_preset=\u00a0\u00bbdefault\u00a0\u00bb global_colors_info=\u00a0\u00bb{}\u00a0\u00bb][et_pb_column type=\u00a0\u00bb1_2&Prime; _builder_version=\u00a0\u00bb4.27.4&Prime; _module_preset=\u00a0\u00bbdefault\u00a0\u00bb global_colors_info=\u00a0\u00bb{}\u00a0\u00bb][\/et_pb_column][et_pb_column type=\u00a0\u00bb1_2&Prime; _builder_version=\u00a0\u00bb4.27.4&Prime; _module_preset=\u00a0\u00bbdefault\u00a0\u00bb global_colors_info=\u00a0\u00bb{}\u00a0\u00bb][\/et_pb_column][\/et_pb_row][et_pb_row use_custom_gutter=\u00a0\u00bbon\u00a0\u00bb gutter_width=\u00a0\u00bb1&Prime; module_class=\u00a0\u00bb et_pb_row_fullwidth\u00a0\u00bb _builder_version=\u00a0\u00bb4.16&Prime; width=\u00a0\u00bb100%\u00a0\u00bb width_tablet=\u00a0\u00bb100%\u00a0\u00bb width_phone=\u00a0\u00bb100%\u00a0\u00bb width_last_edited=\u00a0\u00bbon|desktop\u00a0\u00bb max_width=\u00a0\u00bb100%\u00a0\u00bb max_width_tablet=\u00a0\u00bb100%\u00a0\u00bb max_width_phone=\u00a0\u00bb100%\u00a0\u00bb max_width_last_edited=\u00a0\u00bbon|desktop\u00a0\u00bb custom_padding=\u00a0\u00bb30px|0px|0px|0px\u00a0\u00bb make_fullwidth=\u00a0\u00bbon\u00a0\u00bb global_colors_info=\u00a0\u00bb{}\u00a0\u00bb][et_pb_column type=\u00a0\u00bb4_4&Prime; _builder_version=\u00a0\u00bb4.16&Prime; custom_padding=\u00a0\u00bb|||0px\u00a0\u00bb global_colors_info=\u00a0\u00bb{}\u00a0\u00bb custom_padding__hover=\u00a0\u00bb|||\u00a0\u00bb][et_pb_button button_url=\u00a0\u00bb@ET-DC@eyJkeW5hbWljIjp0cnVlLCJjb250ZW50IjoicG9zdF9saW5rX3VybF9wYWdlIiwic2V0dGluZ3MiOnsicG9zdF9pZCI6IjM5In19@\u00a0\u00bb button_text=\u00a0\u00bbD\u00e9couvrez nos projets d\u00e9j\u00e0 r\u00e9alis\u00e9s!\u00a0\u00bb button_alignment=\u00a0\u00bbcenter\u00a0\u00bb _builder_version=\u00a0\u00bb4.25.1&Prime; _dynamic_attributes=\u00a0\u00bbbutton_url\u00a0\u00bb global_colors_info=\u00a0\u00bb{}\u00a0\u00bb button_text_size__hover_enabled=\u00a0\u00bboff\u00a0\u00bb button_one_text_size__hover_enabled=\u00a0\u00bboff\u00a0\u00bb button_two_text_size__hover_enabled=\u00a0\u00bboff\u00a0\u00bb button_text_color__hover_enabled=\u00a0\u00bboff\u00a0\u00bb button_one_text_color__hover_enabled=\u00a0\u00bboff\u00a0\u00bb button_two_text_color__hover_enabled=\u00a0\u00bboff\u00a0\u00bb button_border_width__hover_enabled=\u00a0\u00bboff\u00a0\u00bb button_one_border_width__hover_enabled=\u00a0\u00bboff\u00a0\u00bb button_two_border_width__hover_enabled=\u00a0\u00bboff\u00a0\u00bb button_border_color__hover_enabled=\u00a0\u00bboff\u00a0\u00bb button_one_border_color__hover_enabled=\u00a0\u00bboff\u00a0\u00bb button_two_border_color__hover_enabled=\u00a0\u00bboff\u00a0\u00bb button_border_radius__hover_enabled=\u00a0\u00bboff\u00a0\u00bb button_one_border_radius__hover_enabled=\u00a0\u00bboff\u00a0\u00bb button_two_border_radius__hover_enabled=\u00a0\u00bboff\u00a0\u00bb button_letter_spacing__hover_enabled=\u00a0\u00bboff\u00a0\u00bb button_one_letter_spacing__hover_enabled=\u00a0\u00bboff\u00a0\u00bb button_two_letter_spacing__hover_enabled=\u00a0\u00bboff\u00a0\u00bb button_bg_color__hover_enabled=\u00a0\u00bboff\u00a0\u00bb button_one_bg_color__hover_enabled=\u00a0\u00bboff\u00a0\u00bb button_two_bg_color__hover_enabled=\u00a0\u00bboff\u00a0\u00bb][\/et_pb_button][\/et_pb_column][\/et_pb_row][\/et_pb_section]<\/p>\n","protected":false},"excerpt":{"rendered":"<p>Services Expertise vibratoire et dynamique NRCtech agit sur mandat pour toutes les probl\u00e9matiques vibratoires, que ce soit en milieu industriel ou en R&amp;D. Vibrations &#8211; chocs &#8211; fatigue Nous concevons des solutions adapt\u00e9es en associant nos comp\u00e9tences dans les domaines exp\u00e9rimental et num\u00e9rique.Vibrations Perturbatoires ou b\u00e9n\u00e9fiques Nous d\u00e9veloppons une solution pour votre probl\u00e9matique vibratoire et [&hellip;]<\/p>\n","protected":false},"author":1,"featured_media":0,"parent":0,"menu_order":1,"comment_status":"closed","ping_status":"closed","template":"","meta":{"_et_pb_use_builder":"on","_et_pb_old_content":"<h2>Plus qu'un capteur de couple!<\/h2><p>Le syst\u00e8me MuT.02+ est un capteur de couple tournant. L'\u00e9l\u00e9ment sensible est mont\u00e9 sur paliers a\u00e9rostatiques, garantissant un fonctionnement sans frottements. Le tout est entra\u00een\u00e9 par un moteur de type \"brushless\". Il s'agit donc d'un syst\u00e8me de mesure int\u00e9gr\u00e9.<\/p><h2 class=\"NRCT1\"><strong>Syst\u00e8me de mesure MuT.02+<\/strong><\/h2><p class=\"NRCNormal\">Le capteur MuT.02+ est une \u00e9volution du capteur MuT.02 visant \u00e0 am\u00e9liorer ses performances pour les mesures de faibles couples. Cette \u00e9volution a permis d'augmenter la r\u00e9solution de mesure et d'ouvrir ainsi de nouveaux horizons de mesure.<\/p><p class=\"NRCNormal\">Le capteur MuT.02+ dispose d'un codeur optique int\u00e9gr\u00e9 (en option) mont\u00e9 sans jeu afin de conna\u00eetre pr\u00e9cis\u00e9ment la position angulaire de la broche.<\/p><p>Il existe 2 version du capteur MuT.02+<\/p><ul><li>A: plages de mesure allant de 0 \u00e0 300 uNm (informations sur demande)<\/li><li>B: plages de mesures sup\u00e9rieures \u00e0 600 uNm<\/li><\/ul><p class=\"NRCNormal\">Le capteur MuT.02+ B\u00a0est propos\u00e9 dans 5 gammes de mesure:<\/p><ul><li class=\"NRCnormal\">MuT.02+ B60W: \u00b1600 uNm<\/li><li class=\"NRCnormal\">MuT.02+ B12X: \u00b11'200 uNm<\/li><li class=\"NRCnormal\">MuT.02+ B24X: \u00b12'400 uNm<\/li><li class=\"NRCnormal\">MuT.02+ B12Y: \u00b112'000 uNm<\/li><li class=\"NRCnormal\">MuT.02+ B24Y: \u00b124'000 uNm<\/li><\/ul><p class=\"NRCNormal\">D'autre plages de mesure peuvent \u00eatre fournies sur demande.<\/p><p class=\"NRCNormal\">Les caract\u00e9ristiques du syst\u00e8me de mesure MuT.02+ sont les suivantes:<\/p><ul><li class=\"NRCnormal\">Lin\u00e9arit\u00e9 < \u00b1 0.5 % PE<\/li><li class=\"NRCnormal\">Bande passante 30 Hz<\/li><li class=\"NRCnormal\">Rapport signal bruit (SNR) 30 dB<\/li><li class=\"NRCnormal\">R\u00e9solution 0.6 uNm<\/li><li class=\"NRCnormal\">Syst\u00e8me de fixation: pince Schaublin D8<\/li><\/ul><h2 class=\"NRCNormal\">Sp\u00e9cifications techniques du syst\u00e8me de mesure MuT.02+:<\/h2><ul><li class=\"NRCnormal\"><strong><a href=\"http:\/\/lp9d7qgtr.preview.infomaniak.website\/wp-content\/uploads\/2018\/02\/NRCtech_MUT02plus_B_FR_V180202.pdf\">Fiche technique<\/a> <\/strong>(pdf)<\/li><li class=\"NRCnormal\"><strong><a href=\"http:\/\/lp9d7qgtr.preview.infomaniak.website\/wp-content\/uploads\/2018\/02\/MMuT02plus_B_V1.zip\">Mod\u00e8le 3D<\/a><\/strong> (format STEP 203)<\/li><\/ul>","_et_gb_content_width":"","inline_featured_image":false,"footnotes":""},"class_list":["post-30722","page","type-page","status-publish","hentry"],"_links":{"self":[{"href":"https:\/\/www.nrctech.ch\/index.php?rest_route=\/wp\/v2\/pages\/30722","targetHints":{"allow":["GET"]}}],"collection":[{"href":"https:\/\/www.nrctech.ch\/index.php?rest_route=\/wp\/v2\/pages"}],"about":[{"href":"https:\/\/www.nrctech.ch\/index.php?rest_route=\/wp\/v2\/types\/page"}],"author":[{"embeddable":true,"href":"https:\/\/www.nrctech.ch\/index.php?rest_route=\/wp\/v2\/users\/1"}],"replies":[{"embeddable":true,"href":"https:\/\/www.nrctech.ch\/index.php?rest_route=%2Fwp%2Fv2%2Fcomments&post=30722"}],"version-history":[{"count":91,"href":"https:\/\/www.nrctech.ch\/index.php?rest_route=\/wp\/v2\/pages\/30722\/revisions"}],"predecessor-version":[{"id":31484,"href":"https:\/\/www.nrctech.ch\/index.php?rest_route=\/wp\/v2\/pages\/30722\/revisions\/31484"}],"wp:attachment":[{"href":"https:\/\/www.nrctech.ch\/index.php?rest_route=%2Fwp%2Fv2%2Fmedia&parent=30722"}],"curies":[{"name":"wp","href":"https:\/\/api.w.org\/{rel}","templated":true}]}}